{"id":118,"date":"2015-02-01T21:11:08","date_gmt":"2015-02-01T20:11:08","guid":{"rendered":"http:\/\/markin.eu\/?page_id=118"},"modified":"2017-05-19T10:16:54","modified_gmt":"2017-05-19T09:16:54","slug":"markinmonitor","status":"publish","type":"page","link":"https:\/\/markin.eu\/en\/company-solutions\/markinmonitor\/","title":{"rendered":"Markinmonitor"},"content":{"rendered":"<div  class=\"fusion-fullwidth fullwidth-box fusion-blend-mode hundred-percent-fullwidth\"  style='background-color: rgba(255,255,255,0);background-position: center center;background-repeat: no-repeat;padding-top:0px;padding-right:0px;padding-bottom:0px;padding-left:0px;'><div class=\"fusion-builder-row fusion-row \"><div  class=\"fusion-layout-column fusion_builder_column fusion_builder_column_3_5  fusion-three-fifth fusion-column-first 3_5\"  style='margin-top:0px;margin-bottom:20px;width:58.4%; margin-right: 4%;'>\n\t\t\t\t\t<div class=\"fusion-column-wrapper\" style=\"background-position:left top;background-repeat:no-repeat;-webkit-background-size:cover;-moz-background-size:cover;-o-background-size:cover;background-size:cover;\"  data-bg-url=\"\">\n\t\t\t\t\t\t\n<p><strong>english version not yet available<\/strong><\/p>\n<p>Der Markinmonitor (MM) ist das Online-basierte Potenzialcockpit zur Visualisierung von bedeutenden Marktindikatoren f\u00fcr die Personaldienstleistung, wie:<\/p>\n<ol>\n<li>Sozialversicherungspflichtig Besch\u00e4ftigte (SVB)<\/li>\n<li>Arbeitslose nach Berufsgruppen nach (Wohnortprinzip)<\/li>\n<li>Zeitarbeitnehmer nach Berufsgruppen (Wohnortprinzip)<\/li>\n<li>Berufsschulen<\/li>\n<li>Hochschulen und Fachhochschule<\/li>\n<li>Transfergesellschaften<\/li>\n<li>Unternehmen incl. Wirtschafts- \/ Branchencode<\/li>\n<\/ol>\n<p>Weitere Markt- und Potenzialinformationen k\u00f6nnen individuell nach Ihren Ideen und W\u00fcnschen im MM abgebildet werden solange sie in einen geographischen Bezug gesetzt werden k\u00f6nnen (Gemeinde, PLZ, Stadt- oder Landkreisebene):<\/p>\n<p>z.B. Kunden\/ Interessenten\/ Wettbewerber<\/p>\n<p>Die im MM verwendete kartographische Darstellung der Marktpotenzialdaten basiert auf Ihren, eigenen Vertriebseinzugs- bzw. Niederlassungsgebieten.<br \/>\nDer MM l\u00e4sst sich ohne weiteres in Ihr Firmenintranet integrieren und erm\u00f6glicht es, dass Ihre F\u00fchrungskr\u00e4fte des Vertriebs online jederzeit darauf Zugriff haben.<br \/>\nSobald es neue Potenzialdaten aus den entsprechenden Wirtschaftsdatenbanken gibt, die wir nutzen, erfolgt eine Aktualisierung Ihres pers\u00f6nlichen MM.<\/p>\n<p><strong>Argumente f\u00fcr den Markinmonitor:<\/strong><\/p>\n<ul>\n<li>Expansionsplanung f\u00fcr neue Niederlassungen bzw. Standorte<\/li>\n<li>Visualisierung verschiedener Marktindikatoren des Personaldienstleistungsmarktes<\/li>\n<li>Hoher Aktualit\u00e4tsgrad von Marktindikatoren<\/li>\n<li>Keine Kosten f\u00fcr die Anschaffung von eigenen Geomarketinganwendungen, inkl. Bereitstellung und Schulung eigener Mitarbeiter<\/li>\n<li>Zugriff auf Expertennetzwerk aus dem Bereich HR und Personaldienstleistungen<\/li>\n<li>Integration des MM ins Firmeneigene Intranet m\u00f6glich<\/li>\n<\/ul>\n<div class=\"fusion-clearfix\"><\/div>\n\n\t\t\t\t\t<\/div>\n\t\t\t\t<\/div><div  class=\"fusion-layout-column fusion_builder_column fusion_builder_column_2_5  fusion-two-fifth fusion-column-last 2_5\"  style='margin-top:0px;margin-bottom:20px;width:37.6%'>\n\t\t\t\t\t<div class=\"fusion-column-wrapper\" style=\"background-position:left top;background-repeat:no-repeat;-webkit-background-size:cover;-moz-background-size:cover;-o-background-size:cover;background-size:cover;\"  data-bg-url=\"\">\n\t\t\t\t\t\t\n\n\t\t<style type=\"text\/css\">\n\t\t\t#gallery-1 {\n\t\t\t\tmargin: auto;\n\t\t\t}\n\t\t\t#gallery-1 .gallery-item {\n\t\t\t\tfloat: left;\n\t\t\t\tmargin-top: 10px;\n\t\t\t\ttext-align: center;\n\t\t\t\twidth: 50%;\n\t\t\t}\n\t\t\t#gallery-1 img {\n\t\t\t\tborder: 2px solid #cfcfcf;\n\t\t\t}\n\t\t\t#gallery-1 .gallery-caption {\n\t\t\t\tmargin-left: 0;\n\t\t\t}\n\t\t\t\/* see gallery_shortcode() in wp-includes\/media.php *\/\n\t\t<\/style>\n\t\t<div id='gallery-1' class='gallery galleryid-118 gallery-columns-2 gallery-size-thumbnail'><dl class='gallery-item'>\n\t\t\t<dt class='gallery-icon landscape'>\n\t\t\t\t<a data-rel=\"iLightbox[postimages]\" data-title=\"Markinmonitor\" data-caption=\"\" href='https:\/\/markin.eu\/wp-content\/uploads\/2015\/02\/karte-gr-nrw-sozialvers.jpg'><img width=\"150\" height=\"150\" src=\"https:\/\/markin.eu\/wp-content\/uploads\/2015\/02\/karte-gr-nrw-sozialvers-150x150.jpg\" class=\"attachment-thumbnail size-thumbnail\" alt=\"\" decoding=\"async\" loading=\"lazy\" srcset=\"https:\/\/markin.eu\/wp-content\/uploads\/2015\/02\/karte-gr-nrw-sozialvers-66x66.jpg 66w, https:\/\/markin.eu\/wp-content\/uploads\/2015\/02\/karte-gr-nrw-sozialvers-150x150.jpg 150w\" sizes=\"(max-width: 150px) 100vw, 150px\" \/><\/a>\n\t\t\t<\/dt><\/dl><dl class='gallery-item'>\n\t\t\t<dt class='gallery-icon landscape'>\n\t\t\t\t<a data-rel=\"iLightbox[postimages]\" data-title=\"Markinmonitor\" data-caption=\"\" href='https:\/\/markin.eu\/wp-content\/uploads\/2015\/02\/karte-gr-essen-wettbewerber.jpg'><img width=\"150\" height=\"150\" src=\"https:\/\/markin.eu\/wp-content\/uploads\/2015\/02\/karte-gr-essen-wettbewerber-150x150.jpg\" class=\"attachment-thumbnail size-thumbnail\" alt=\"\" decoding=\"async\" loading=\"lazy\" srcset=\"https:\/\/markin.eu\/wp-content\/uploads\/2015\/02\/karte-gr-essen-wettbewerber-66x66.jpg 66w, https:\/\/markin.eu\/wp-content\/uploads\/2015\/02\/karte-gr-essen-wettbewerber-150x150.jpg 150w\" sizes=\"(max-width: 150px) 100vw, 150px\" \/><\/a>\n\t\t\t<\/dt><\/dl><br style=\"clear: both\" \/><dl class='gallery-item'>\n\t\t\t<dt class='gallery-icon landscape'>\n\t\t\t\t<a data-rel=\"iLightbox[postimages]\" data-title=\"Markinmonitor\" data-caption=\"\" href='https:\/\/markin.eu\/wp-content\/uploads\/2015\/02\/karte-gr-essen-unternehmen.jpg'><img width=\"150\" height=\"150\" src=\"https:\/\/markin.eu\/wp-content\/uploads\/2015\/02\/karte-gr-essen-unternehmen-150x150.jpg\" class=\"attachment-thumbnail size-thumbnail\" alt=\"\" decoding=\"async\" loading=\"lazy\" srcset=\"https:\/\/markin.eu\/wp-content\/uploads\/2015\/02\/karte-gr-essen-unternehmen-66x66.jpg 66w, https:\/\/markin.eu\/wp-content\/uploads\/2015\/02\/karte-gr-essen-unternehmen-150x150.jpg 150w\" sizes=\"(max-width: 150px) 100vw, 150px\" \/><\/a>\n\t\t\t<\/dt><\/dl><dl class='gallery-item'>\n\t\t\t<dt class='gallery-icon landscape'>\n\t\t\t\t<a data-rel=\"iLightbox[postimages]\" data-title=\"Markinmonitor\" data-caption=\"\" href='https:\/\/markin.eu\/wp-content\/uploads\/2015\/02\/karte-gr-essen-arbeitslose.jpg'><img width=\"150\" height=\"150\" src=\"https:\/\/markin.eu\/wp-content\/uploads\/2015\/02\/karte-gr-essen-arbeitslose-150x150.jpg\" class=\"attachment-thumbnail size-thumbnail\" alt=\"\" decoding=\"async\" loading=\"lazy\" srcset=\"https:\/\/markin.eu\/wp-content\/uploads\/2015\/02\/karte-gr-essen-arbeitslose-66x66.jpg 66w, https:\/\/markin.eu\/wp-content\/uploads\/2015\/02\/karte-gr-essen-arbeitslose-150x150.jpg 150w\" sizes=\"(max-width: 150px) 100vw, 150px\" \/><\/a>\n\t\t\t<\/dt><\/dl><br style=\"clear: both\" \/><dl class='gallery-item'>\n\t\t\t<dt class='gallery-icon landscape'>\n\t\t\t\t<a data-rel=\"iLightbox[postimages]\" data-title=\"Markinmonitor\" data-caption=\"\" href='https:\/\/markin.eu\/wp-content\/uploads\/2015\/02\/karte-gr-brd-regionen.jpg'><img width=\"150\" height=\"150\" src=\"https:\/\/markin.eu\/wp-content\/uploads\/2015\/02\/karte-gr-brd-regionen-150x150.jpg\" class=\"attachment-thumbnail size-thumbnail\" alt=\"\" decoding=\"async\" loading=\"lazy\" srcset=\"https:\/\/markin.eu\/wp-content\/uploads\/2015\/02\/karte-gr-brd-regionen-66x66.jpg 66w, https:\/\/markin.eu\/wp-content\/uploads\/2015\/02\/karte-gr-brd-regionen-150x150.jpg 150w\" sizes=\"(max-width: 150px) 100vw, 150px\" \/><\/a>\n\t\t\t<\/dt><\/dl>\n\t\t\t<br style='clear: both' \/>\n\t\t<\/div>\n\n<div class=\"fusion-clearfix\"><\/div>\n\n\t\t\t\t\t<\/div>\n\t\t\t\t<\/div><\/div><\/div>\n","protected":false},"excerpt":{"rendered":"","protected":false},"author":7,"featured_media":0,"parent":103,"menu_order":0,"comment_status":"open","ping_status":"open","template":"","meta":[],"_links":{"self":[{"href":"https:\/\/markin.eu\/en\/wp-json\/wp\/v2\/pages\/118"}],"collection":[{"href":"https:\/\/markin.eu\/en\/wp-json\/wp\/v2\/pages"}],"about":[{"href":"https:\/\/markin.eu\/en\/wp-json\/wp\/v2\/types\/page"}],"author":[{"embeddable":true,"href":"https:\/\/markin.eu\/en\/wp-json\/wp\/v2\/users\/7"}],"replies":[{"embeddable":true,"href":"https:\/\/markin.eu\/en\/wp-json\/wp\/v2\/comments?post=118"}],"version-history":[{"count":0,"href":"https:\/\/markin.eu\/en\/wp-json\/wp\/v2\/pages\/118\/revisions"}],"up":[{"embeddable":true,"href":"https:\/\/markin.eu\/en\/wp-json\/wp\/v2\/pages\/103"}],"wp:attachment":[{"href":"https:\/\/markin.eu\/en\/wp-json\/wp\/v2\/media?parent=118"}],"curies":[{"name":"wp","href":"https:\/\/api.w.org\/{rel}","templated":true}]}}