{"id":11654,"date":"2018-06-07T15:40:18","date_gmt":"2018-06-07T14:40:18","guid":{"rendered":"http:\/\/markin.eu\/en\/datenschutz\/"},"modified":"2020-03-11T15:05:11","modified_gmt":"2020-03-11T14:05:11","slug":"datenschutz","status":"publish","type":"page","link":"https:\/\/markin.eu\/en\/datenschutz\/","title":{"rendered":"Datenschutz"},"content":{"rendered":"<article id=\"post-187\" class=\"page-body style-light-bg post-187 page type-page status-publish hentry\">\n<div class=\"post-wrapper\">\n<div class=\"post-body\">\n<div class=\"post-content\">\n<div class=\"row-container\">\n<div class=\"row row-parent style-light limit-width double-top-padding double-bottom-padding\">\n<div class=\"post-title-wrapper\">\n<h1 class=\"post-title\"><strong>Datenschutzbestimmungen<\/strong><\/h1>\n<\/div>\n<p>Wir freuen und \u00fcber Ihr Interesse an der Nutzung unserer Website. Der Schutz Ihrer personenbezogenen Daten ist uns sehr wichtig. Im Folgenden finden Sie alle wichtigen Informationen zur Erhebung, Verarbeitung und Nutzung personenbezogener Daten, die wir nur gem\u00e4\u00df den Bestimmungen des Datenschutzrechts verarbeiten. Persoenbezogene Daten sind solche Informationen, die sich auf eine identifizierte oder identifizierbare nat\u00fcrliche Person beziehen; als identifizierbar wird eine nat\u00fcrliche Person angesehen, die direkt oder indirekt, insbesondere mittels Zuordnung zu einer Kennung wie einem Namen, zu einer Kennnummer, zu Standortdaten, zu einer Online-Kennung oder zu einem oder mehreren besonderen Merkmalen identifiziert werden kann, die Ausdruck der physischen, physiologischen, genetischen, psychischen, wirtschaftlichen, kulturellen oder sozialen Identit\u00e4t dieser nat\u00fcrlichen Person sind.<\/p>\n<p><em>Die Nutzung unserer Website ist grunds\u00e4tzlich ohne eine Angabe von personenbezogenen Daten m\u00f6glich. F\u00fcr die Nutzung vieler Services unserer Website k\u00f6nnen sich allerdings abweichende Regelungen ergeben, die in diesem Falle nachstehend gesondert erl\u00e4utert werden.<\/em><\/p>\n<p>Die Angabe Ihrer personenbezogenen Daten ist freiwillig. Allerdings kann sich aus einem Mangel an Daten eine Einschr\u00e4nkung der Funktionalit\u00e4ten unserer Dienste ergeben.<\/p>\n<p>Die rechtlichen Grundlagen des Datenschutzes finden sich u.a. in der EU-Datenschutzgrundverordnung (DSGVO) und dem Bundesdatenschutzgesetz (BDSG).<\/p>\n<p><strong>Verantwortliche Stelle <\/strong><\/p>\n<p>Verantwortliche Stelle im Sinne der DSGVO, der nationalen Datenschutzgesetze sowie sonstiger datenschutzrechtlicher Bestimmungen ist:<\/p>\n<p>&#8211; markin UG &#8211;<br \/>\nMarketing Intelligence Engineering<br \/>\nVogelsangerstr. 429<br \/>\n50829 K\u00f6ln<\/p>\n<p>E-Mail: info@markin.eu<br \/>\nInternet: markin.eu<\/p>\n<p><strong>1. Datenquellen und Kategorien der Daten:<\/strong><\/p>\n<p>Wir verarbeiten personenbezogene Daten, die wir von Ihnen im Rahmen der Registrierung und\/oder im Rahmen der Nutzung von Funktionen dieser Website sowie unserer<\/p>\n<p>Plattform und der von uns bereitgestellten Dienste erhalten.<\/p>\n<p>Bei den relevanten personenbezogene Daten kann es sich dabei \u2013 je nach Nutzung \u2013 um folgende Datenkategorien handeln:<\/p>\n<ul>\n<li>\n<ul>\n<li>Name, Vorname<\/li>\n<li>Kontaktdaten (z.B. Anschrift, E-Mail, Telefon)<\/li>\n<li>Geschlecht<\/li>\n<li>Geburtsdatum<\/li>\n<li>Account-Daten, Authentifikationsdaten (z.B. Benutzername)<\/li>\n<li>Systemdaten (IP-Adresse, Serverdaten)<\/li>\n<\/ul>\n<\/li>\n<\/ul>\n<p><strong>2. Zwecke der Verarbeitung<\/strong><\/p>\n<p>Wir verarbeiten die personenbezogenen Daten zur Bereitstellung und Erf\u00fcllung der Ihnen im Rahmen der Website angebotenen Dienste sowie zur Weiterentwicklung unserer Leistungen.<\/p>\n<p><strong>3. Rechtsgrundlagen:<\/strong><\/p>\n<p>Soweit Sie uns f\u00fcr die Verarbeitung Ihrer personenbezogenen Daten eine Einwilligung erteilen, dient diese i.V.m. Art.6 Abs.1 lit.a EU-Datenschutzgrundverordnung (DSGVO) als Rechtsgrundlage.<\/p>\n<p>Bei der Verarbeitung von personenbezogenen Daten mit einer Vertragspartei, die zur Erf\u00fcllung eines Vertrages erforderlich ist, dient der Vertrag i.V.m. Art.6 Abs.1 lit.b DSGVO als Rechtsgrundlage. Dies gilt auch f\u00fcr Verarbeitungsvorg\u00e4nge, die zur Durchf\u00fchrung vorvertraglicher Ma\u00dfnahmen erforderlich sind. Soweit erforderlich, verarbeiten wir Ihre Daten auf der Grundlage von Art. 6 Abs.1 lit f. DSGVO \u00fcber die eigentliche Erf\u00fcllung des Vertrages hinaus zur Wahrung berechtigter Interessen von uns oder einem Dritten.<\/p>\n<p>Soweit eine Verarbeitung personenbezogener Daten zur Erf\u00fcllung einer rechtlichen Verpflichtung erforderlich ist, ist die gesetzliche oder beh\u00f6rdliche Verpflichtung i.V.m. Art.6 Abs.1 lit.c DSGVO Rechtsgrundlage.<\/p>\n<p>Erfolgt die Datenverarbeitung aufgrund von Erfordernissen zur Wahrung lebenswichtiger Interessen ergibt sich die Rechtsgrundlage aus Art.6 Abs.1 lit.d DSGVO.<\/p>\n<p>Zur Wahrung berechtigter Interessen unseres Unternehmens oder eines Dritten kann die Datenverarbeitung auch \u00fcber die eigentliche Erf\u00fcllung des Vertrages hinaus auf der Grundlage von Art.6 Abs.1 lit.f DSGVO erfolgen, soweit sie erforderlich ist und Interessen, Grundrechte und Grundfreiheiten des Betroffenen nicht \u00fcberwiegen.<\/p>\n<p><strong>4. Daten\u00fcbermittlung \/ Weitergabe an Dritte:<\/strong><\/p>\n<p>Personenbezogene Daten, die bei der Nutzung der Website anfallen, werden von uns grunds\u00e4tzlich nicht an Dritte weitergegeben. Insbesondere werden die Daten nicht an Stellen au\u00dferhalb der EU \u00fcbermittelt.<\/p>\n<p>Innerhalb unseres Unternehmens erhalten diejenigen Stellen und Mitarbeiter Zugriff auf Ihre Daten, welche diese zum Zwecke der Erf\u00fcllung unserer Leistungsangebote, technischen Aufgaben und rechtlichen Pflichten ben\u00f6tigen. Auch von uns eingesetzte Dienstleister und Auftragsverarbeiter k\u00f6nnen zu diesen Zwecken Daten erhalten, wenn sie unsere datenschutzrechtlichen Weisungen beachten und sich zur Achtung des Datengeheimnisses verpflichten.<\/p>\n<p>Eine Weitergabe an Dritte erfolgt nur in Ausnahmef\u00e4llen und nur soweit Sie zuvor ausdr\u00fccklich eingewilligt haben.<\/p>\n<p><strong>5. Dauer der Speicherung<\/strong><\/p>\n<p>Die Daten werden gel\u00f6scht, sobald sie f\u00fcr die Erreichung des Zweckes ihrer Erhebung nicht mehr erforderlich sind. Entf\u00e4llt der Verarbeitungszweck oder l\u00e4uft eine gesetzliche Speicherfrist ab, werden die personenbezogenen Daten routinem\u00e4\u00dfig und entsprechend den gesetzlichen Vorschriften gesperrt oder gel\u00f6scht.<br \/>\nIm Falle der Speicherung der Daten in Logfiles ist dies nach sp\u00e4testens sieben Tagen der Fall. Eine dar\u00fcberhinausgehende Speicherung ist m\u00f6glich. In diesem Fall werden die Kenndaten (z.B. IP-Adressen) der Nutzer gel\u00f6scht oder verfremdet, sodass eine Zuordnung des aufrufenden Clients nicht mehr m\u00f6glich ist. Im Falle der Erfassung der Daten zur Bereitstellung der Online-Dienste ist dies der Fall, wenn die jeweilige Sitzung beendet ist.<\/p>\n<p><strong>6. Ihre Rechte als Betroffene(r) <\/strong><\/p>\n<p>Sie haben als Betroffene(r) das Recht, jederzeit Auskunft oder Berichtigung \u00fcber die gespeicherten personenbezogenen Daten verlangen oder eine Einwilligung widerrufen. Daneben haben Sie das Recht auf L\u00f6schung oder Einschr\u00e4nkung der Verarbeitung oder eines Widerspruches gegen die Verarbeitung. Ebenso wird auf das Recht der Daten\u00fcbertragbarkeit und darauf, dass die M\u00f6glichkeit der Beschwerde bei einer Aufsichtsbeh\u00f6rde besteht, hingewiesen.<\/p>\n<p>Entsprechende Ersuchen bitte per E-Mail an uns oder unseren Datenschutzbeauftragten unter den vorgenannten Kontaktdaten.<\/p>\n<p>Nachstehend erl\u00e4utern wir Ihre Rechte im Einzelnen:<\/p>\n<p>a) Widerrufsrecht, Widerspruchsrecht<\/p>\n<p>Sie haben das Recht, Ihre Einwilligungserkl\u00e4rung jederzeit zu widerrufen. Durch den Widerruf der Einwilligung wird die Rechtm\u00e4\u00dfigkeit der aufgrund der Einwilligung bis zum Widerruf erfolgten Verarbeitung nicht ber\u00fchrt.<\/p>\n<p>Ebenso haben Sie das Recht, aus Gr\u00fcnden, die sich aus ihrer besonderen Situation ergeben, jederzeit gegen die Verarbeitung der Sie betreffenden personenbezogenen Daten, die aufgrund von Art.6 Abs.1 lit.e, f DSGVO erfolgt, Widerspruch einzulegen; dies gilt auch f\u00fcr ein auf diese Bestimmungen gest\u00fctztes Profiling.<\/p>\n<p>b) Auskunftsrecht<\/p>\n<p>Sie k\u00f6nnen eine Erkl\u00e4rung dar\u00fcber verlangen, ob personenbezogene Daten, die Sie betreffen, von uns verarbeitet werden. Im Falle einer Verarbeitung Ihrer personenbezogenen Daten k\u00f6nnen Sie insbesondere Auskunft verlangen \u00fcber die Datenkategorien, Herkunft der Daten, Zwecke der Verarbeitung, Empf\u00e4nger, etwaige Drittlands\u00fcbermittlung (einschlie\u00dflich Garantien gem. Art. 46 DSGVO), geplante Dauer oder Kriterien f\u00fcr die Dauer der Verarbeitung sowie das Bestehen einer automatisierten Entscheidungsfindung. Gleiches gilt f\u00fcr Profiling gem\u00e4\u00df Art.22 Abs.1, 4 DSGVO (ggf. mit Informationen \u00fcber die involvierte Logik sowie Tragweite und Auswirkungen).<\/p>\n<p>c) Recht auf Berichtigung<\/p>\n<p>Sie haben das Recht auf Berichtigung und\/oder Vervollst\u00e4ndigung, sofern die verarbeiteten personenbezogenen Daten, die Sie betreffen, unrichtig oder unvollst\u00e4ndig sind.<\/p>\n<p>d) Recht auf L\u00f6schung<\/p>\n<p>Sie haben das Recht auf L\u00f6schung der Sie betreffenden personenbezogenen Daten, insbesondere wenn diese Daten f\u00fcr die Verarbeitungszwecke nicht mehr notwendig sind oder Sie Ihre Einwilligung widerrufen haben oder es an einer anderweitigen Rechtsgrundlage fehlt oder Sie Widerspruch gegen die Verarbeitung eingelegt haben und keine vorrangigen berechtigten Gr\u00fcnde f\u00fcr die Verarbeitung gem. Art.21 Abs.2 DSGVO bestehen oder die Daten unrechtm\u00e4\u00dfig verarbeitet wurden oder die L\u00f6schung der Daten zur Erf\u00fcllung einer Rechtspflicht nach Unionsrecht oder nationalem Recht erforderlich ist oder die Daten in Bezug auf angebotene Dienste der Informationsgesellschaft gem\u00e4\u00df Art.8 Abs.1 DSGVO erhoben wurden.<\/p>\n<p>L\u00f6schungsrechte k\u00f6nnen u.a. dann nicht bestehen, wenn und soweit die Verarbeitung zur Erf\u00fcllung einer rechtlichen Verpflichtung, zur Wahrnehmung von Aufgaben im \u00f6ffentlichen Interesse oder zur Geltendmachung, Aus\u00fcbung oder Verteidigung von Rechtsanspr\u00fcchen erforderlich ist.<\/p>\n<p>e) Recht auf Einschr\u00e4nkung der Verarbeitung<\/p>\n<p>Sie k\u00f6nnen die Einschr\u00e4nkung der Verarbeitung der Sie betreffenden personenbezogenen Daten u.a. verlangen, wenn die Verarbeitung unrechtm\u00e4\u00dfig ist, Sie die Richtigkeit bestreiten, Widerspruch eingelegt haben, der Verantwortliche die Daten f\u00fcr die Verarbeitungszwecke nicht l\u00e4nger ben\u00f6tigt, Sie diese jedoch zur Rechtsdurchsetzung ben\u00f6tigen, oder Sie im Falle der unrechtm\u00e4\u00dfigen Verarbeitung statt der L\u00f6schung eine Einschr\u00e4nkung verlangen.<\/p>\n<p>f) Recht auf Daten\u00fcbertragbarkeit<\/p>\n<p>Sie haben u.a. das Recht, die Sie betreffenden personenbezogenen Daten, in einem strukturierten, g\u00e4ngigen und maschinenlesbaren Format zu erhalten und diese einem anderen Verantwortlichen zu \u00fcbermitteln, sofern die Verarbeitung auf einer Einwilligung oder auf einem Vertrag beruht und die Verarbeitung mithilfe automatisierter Verfahren erfolgt. Hierbei haben Sie das Recht, dass die Daten direkt von einem Verantwortlichen einem anderen Verantwortlichen \u00fcbermittelt werden, soweit dies technisch machbar ist und keine Rechte Dritter beeintr\u00e4chtigt. Das Recht auf Daten\u00fcbertragbarkeit gilt nicht f\u00fcr eine Verarbeitung, die zur Wahrnehmung einer Aufgabe im \u00f6ffentlichen Interesse in Aus\u00fcbung \u00f6ffentlicher Gewalt erfolgt.<\/p>\n<p>g) Recht auf Beschwerde bei einer Aufsichtsbeh\u00f6rde<\/p>\n<p>Unbeschadet eines anderweitigen verwaltungsrechtlichen oder gerichtlichen Rechtsbehelfs steht Ihnen das Recht auf Beschwerde bei einer Aufsichtsbeh\u00f6rde, insbesondere in dem Mitgliedstaat ihres Aufenthaltsorts, ihres Arbeitsplatzes oder des Ortes des mutma\u00dflichen Versto\u00dfes, zu, wenn Sie der Ansicht sind, dass die Verarbeitung der Sie betreffenden personenbezogenen Daten gegen die DSGVO verst\u00f6\u00dft.<\/p>\n<p><strong>7. Cookies<\/strong><\/p>\n<p>Auf unserer Website werden sog. Cookies zum Wiedererkennen mehrfacher Nutzung unseres Angebots, durch denselben Nutzer\/Internetanschlu\u00dfinhaber verwendet. Cookies sind kleine Textdateien, die Ihr Internet-Browser auf Ihrem Rechner ablegt und speichert. Sie dienen dazu, , die Nutzung von Websites f\u00fcr die Nutzer zu vereinfachen und unseren Internetauftritt und unsere Angebote zu optimieren. Einige Funktionen unserer Internetseite k\u00f6nnen ohne den Einsatz von Cookies nicht angeboten werden. F\u00fcr diese ist es erforderlich, dass der Browser auch nach einem Seitenwechsel wiedererkannt wird. Die Wiedererkennung erfolgt aufgrund der in den Cookies gespeicherten IP-Adresse.<\/p>\n<p>Rechtsgrundlage f\u00fcr die Verarbeitung personenbezogener Daten unter Verwendung technisch notweniger Cookies ist unser berechtigtes Interesse gem\u00e4\u00df Art.6 Abs.1 lit.f DSGVO. Rechtsgrundlage f\u00fcr die Verarbeitung personenbezogener Daten unter Verwendung von Cookies zu Analysezwecken ist die erforderliche Einwilligung des Nutzers i.V.m. Art.6 Abs.1 lit. a DSGVO<\/p>\n<p><strong>8. Serverdaten<\/strong><\/p>\n<p>F\u00fcr den technischen Betrieb werden Daten, die \u00fcber Ihren Internet-Browser \u00fcbermittelt werden, erfasst (sogenannte Serverlogfiles). Hierzu z\u00e4hlen: \u2013 Browsertyp und -version \u2013 verwendetes Betriebssystem \u2013 Webseite, von der aus Sie uns besuchen (Referrer URL) \u2013 Webseite, die Sie besuchen \u2013 Datum und Uhrzeit Ihres Zugriffs \u2013 Ihre Internet Protokoll (IP)-Adresse. Die so \u00fcbermittelten Daten werden anonym und getrennt von personenbezogenen Daten gespeichert.<\/p>\n<p>Die Speicherung in Logfiles erfolgt, um die Funktionsf\u00e4higkeit der Website sicherzustellen. Zudem dienen uns die Daten zur Optimierung der Website und zur Sicherstellung der Sicherheit unserer informationstechnischen Systeme.<\/p>\n<p>Hieraus ergibt sich auch unser berechtigtes Interesse an der Datenverarbeitung als Rechtsgrundlage gem\u00e4\u00df Art.6 Abs.1 lit.f DSGVO.<\/p>\n<p><strong>9. Kontaktm\u00f6glichkeit<\/strong><\/p>\n<p>Wir bieten Ihnen auf unserer Seite die M\u00f6glichkeit, mit uns per E-Mail und\/oder \u00fcber ein Kontaktformular in Verbindung zu treten. Verarbeitet werden die im Kontaktformular angegebenen Datenkategorien (Name, Anschrift, E-Mail). Im Zeitpunkt der Absendung der Nachricht werden zudem die IP-Adresse des Nutzers sowie Datum und Uhrzeit verarbeitet.<\/p>\n<p>F\u00fcr die Verarbeitung der Daten wird im Rahmen des Absendevorgangs Ihre Einwilligung eingeholt und auf diese Datenschutzerkl\u00e4rung verwiesen.<\/p>\n<p>Alternativ ist eine Kontaktaufnahme \u00fcber die bereitgestellte E-Mail-Adresse m\u00f6glich. In diesem Fall werden die mit der E-Mail \u00fcbermittelten personenbezogenen Daten des Nutzers gespeichert.<\/p>\n<p>Die Verarbeitung der personenbezogenen Daten aus der Eingabemaske dient uns allein zur Bearbeitung der Kontaktaufnahme. Im Falle einer Kontaktaufnahme per E-Mail besteht hierin auch das erforderliche berechtigte Interesse an der Verarbeitung der Daten. Die sonstigen w\u00e4hrend des Absendevorgangs verarbeiteten personenbezogenen Daten dienen dazu, einen Missbrauch des Kontaktformulars zu verhindern und die Sicherheit unserer informationstechnischen Systeme sicherzustellen.<br \/>\nRechtsgrundlage f\u00fcr die Verarbeitung der Daten ist bei Nutzung des Kontaktformulars Ihre Einwilligung i.V.m. Art.6 Abs.1 lit.a DSGVO.Rechtsgrundlage f\u00fcr die Verarbeitung der Daten, die im Zuge einer \u00dcbersendung einer E-Mail \u00fcbermittelt werden, ist Art.6 Abs.1 lit.f DSGVO. Zielt der E-Mail-Kontakt auf den Abschluss eines Vertrages ab, ergibt sich die Rechtsgrundlage aus Art.6 Abs.1 lit.b DSGVO<\/p>\n<p>Es erfolgt in diesem Zusammenhang keine Weitergabe der Daten an Dritte. Die Daten werden ausschlie\u00dflich f\u00fcr die Verarbeitung der Konversation verwendet.<\/p>\n<p>Die Daten werden gel\u00f6scht, sobald sie f\u00fcr die Erreichung des Zweckes ihrer Erhebung nicht mehr erforderlich sind. F\u00fcr die personenbezogenen Daten aus der Eingabemaske des Kontaktformulars und diejenigen, die per E-Mail \u00fcbersandt wurden, ist dies dann der Fall, wenn die jeweilige Kommunikation mit dem Nutzer beendet ist. Die w\u00e4hrend des Absendevorgangs zus\u00e4tzlich erhobenen personenbezogenen Daten werden sp\u00e4testens nach einer Frist von sieben Tagen gel\u00f6scht.<\/p>\n<p><strong>10. Einsatz von Google-Analytics mit Anonymisierungsfunktion<\/strong><\/p>\n<p>Wir nutzen auf unserer Website die Komponente Google Analytics (mit Anonymisierungsfunktion). Google Analytics ist ein Web-Analyse-Dienst. Web-Analyse ist die Erhebung, Sammlung und Auswertung von Daten \u00fcber das Verhalten von Besuchern von Internetseiten. Ein Web-Analyse-Dienst erfasst unter anderem Daten dar\u00fcber, von welcher Internetseite eine betroffene Person auf eine Internetseite gekommen ist (sogenannte Referrer), auf welche Unterseiten der Internetseite zugegriffen oder wie oft und f\u00fcr welche Verweildauer eine Unterseite betrachtet wurde. Eine Web-Analyse wird \u00fcberwiegend zur Optimierung einer Internetseite und zur Kosten-Nutzen-Analyse von Internetwerbung eingesetzt.<\/p>\n<p>Betreibergesellschaft der Google-Analytics-Komponente ist die Google Inc., 1600 Amphitheatre Pkwy, Mountain View, CA 94043-1351, USA.<br \/>\nWir verwenden f\u00fcr die Web-Analyse \u00fcber Google Analytics den Zusatz \u201e_gat._anonymizeIp\u201c. Mittels dieses Zusatzes wird die IP-Adresse des Internetanschlusses der betroffenen Person von Google gek\u00fcrzt und anonymisiert, wenn der Zugriff auf unsere Internetseiten aus einem Mitgliedstaat der Europ\u00e4ischen Union oder aus einem anderen Vertragsstaat des Abkommens \u00fcber den Europ\u00e4ischen Wirtschaftsraum erfolgt.<\/p>\n<p>Der Zweck der Google-Analytics-Komponente ist die Analyse der Besucherstr\u00f6me auf unserer Internetseite. Google nutzt die gewonnenen Daten und Informationen unter anderem dazu, die Nutzung unserer Internetseite auszuwerten, um f\u00fcr uns Online-Reports, welche die Aktivit\u00e4ten auf unseren Internetseiten aufzeigen, zusammenzustellen, und um weitere mit der Nutzung unserer Internetseite in Verbindung stehende Dienstleistungen zu erbringen.<\/p>\n<p>Rechtsgrundlage f\u00fcr die Datenverarbeitung ist unser berechtigtes Interesse gem. Art.6 Abs.1 lit.f DSGVO.<br \/>\nGoogle Analytics setzt ein Cookie auf dem informationstechnologischen System der betroffenen Person. Was Cookies sind, wurde oben bereits erl\u00e4utert. Mit Setzung des Cookies wird Google eine Analyse der Benutzung unserer Internetseite erm\u00f6glicht. Durch jeden Aufruf einer der Einzelseiten dieser Internetseite, die durch den f\u00fcr die Verarbeitung Verantwortlichen betrieben wird und auf welcher eine Google-Analytics-Komponente integriert wurde, wird der Internetbrowser auf dem informationstechnologischen System der betroffenen Person automatisch durch die jeweilige Google-Analytics-Komponente veranlasst, Daten zum Zwecke der Online-Analyse an Google zu \u00fcbermitteln. Im Rahmen dieses technischen Verfahrens erh\u00e4lt Google Kenntnis \u00fcber personenbezogene Daten, wie der IP-Adresse der betroffenen Person, die Google unter anderem dazu dienen, die Herkunft der Besucher und Klicks nachzuvollziehen und in der Folge Provisionsabrechnungen zu erm\u00f6glichen.<\/p>\n<p>Mittels des Cookies werden personenbezogene Informationen, beispielsweise die Zugriffszeit, der Ort, von welchem ein Zugriff ausging und die H\u00e4ufigkeit der Besuche unserer Internetseite, gespeichert. Bei jedem Besuch unserer Internetseiten werden diese personenbezogenen Daten, einschlie\u00dflich der IP-Adresse des genutzten Internetanschlusses, an Google in den Vereinigten Staaten von Amerika \u00fcbertragen. Diese personenbezogenen Daten werden durch Google in den Vereinigten Staaten von Amerika gespeichert. Google gibt diese \u00fcber das technische Verfahren erhobenen personenbezogenen Daten unter Umst\u00e4nden an Dritte weiter.<br \/>\nSie k\u00f6nnen die Setzung von Cookies durch unsere Internetseite, wie oben bereits dargestellt, jederzeit mittels einer entsprechenden Einstellung des genutzten Internetbrowsers verhindern und damit der Setzung von Cookies dauerhaft widersprechen. Eine solche Einstellung des genutzten Internetbrowsers w\u00fcrde auch verhindern, dass Google ein Cookie auf dem informationstechnologischen System der betroffenen Person setzt. Zudem kann ein von Google Analytics bereits gesetzter Cookie jederzeit \u00fcber den Internetbrowser oder andere Softwareprogramme gel\u00f6scht werden.<\/p>\n<p>Ferner besteht f\u00fcr die betroffene Person die M\u00f6glichkeit, einer Erfassung der durch Google Analytics erzeugten, auf eine Nutzung dieser Internetseite bezogenen Daten sowie der Verarbeitung dieser Daten durch Google zu widersprechen und eine solche zu verhindern. Hierzu muss die betroffene Person ein Browser-Add-On unter dem Link <a href=\"https:\/\/tools.google.com\/dlpage\/gaoptout\">https:\/\/tools.google.com\/dlpage\/gaoptout<\/a> herunterladen und installieren. Dieses Browser-Add-On teilt Google Analytics \u00fcber JavaScript mit, dass keine Daten und Informationen zu den Besuchen von Internetseiten an Google Analytics \u00fcbermittelt werden d\u00fcrfen. Die Installation des Browser-Add-Ons wird von Google als Widerspruch gewertet. Wird das informationstechnologische System der betroffenen Person zu einem sp\u00e4teren Zeitpunkt gel\u00f6scht, formatiert oder neu installiert, muss durch die betroffene Person eine erneute Installation des Browser-Add-Ons erfolgen, um Google Analytics zu deaktivieren. Sofern das Browser-Add-On durch die betroffene Person oder einer anderen Person, die ihrem Machtbereich zuzurechnen ist, deinstalliert oder deaktiviert wird, besteht die M\u00f6glichkeit der Neuinstallation oder der erneuten Aktivierung des Browser-Add-Ons.<\/p>\n<p>Weitere Informationen und die geltenden Datenschutzbestimmungen von Google k\u00f6nnen unter <a href=\"https:\/\/www.google.de\/intl\/de\/policies\/privacy\/\">https:\/\/www.google.de\/intl\/de\/policies\/privacy\/<\/a> und unter <a href=\"https:\/\/www.google.com\/analytics\/terms\/de.html\">https:\/\/www.google.com\/analytics\/terms\/de.html<\/a> abgerufen werden. Google Analytics wird unter diesem Link <a href=\"https:\/\/www.google.com\/intl\/de_de\/analytics\/\">https:\/\/www.google.com\/intl\/de_de\/analytics\/<\/a> genauer erl\u00e4utert.<\/p>\n<\/div>\n<\/div>\n<\/div>\n<\/div>\n<\/div>\n<\/article>\n","protected":false},"excerpt":{"rendered":"<p>Datenschutzbestimmungen Wir freuen und \u00fcber Ihr Interesse an der Nutzung unserer Website. Der Schutz Ihrer personenbezogenen Daten ist uns sehr wichtig. Im Folgenden finden Sie alle wichtigen Informationen zur Erhebung, Verarbeitung und Nutzung personenbezogener Daten, die wir nur gem\u00e4\u00df den Bestimmungen des Datenschutzrechts verarbeiten. Persoenbezogene Daten sind solche Informationen, die sich auf eine identifizierte oder [&hellip;]<\/p>\n","protected":false},"author":31,"featured_media":0,"parent":0,"menu_order":0,"comment_status":"closed","ping_status":"closed","template":"","meta":[],"_links":{"self":[{"href":"https:\/\/markin.eu\/en\/wp-json\/wp\/v2\/pages\/11654"}],"collection":[{"href":"https:\/\/markin.eu\/en\/wp-json\/wp\/v2\/pages"}],"about":[{"href":"https:\/\/markin.eu\/en\/wp-json\/wp\/v2\/types\/page"}],"author":[{"embeddable":true,"href":"https:\/\/markin.eu\/en\/wp-json\/wp\/v2\/users\/31"}],"replies":[{"embeddable":true,"href":"https:\/\/markin.eu\/en\/wp-json\/wp\/v2\/comments?post=11654"}],"version-history":[{"count":4,"href":"https:\/\/markin.eu\/en\/wp-json\/wp\/v2\/pages\/11654\/revisions"}],"predecessor-version":[{"id":11672,"href":"https:\/\/markin.eu\/en\/wp-json\/wp\/v2\/pages\/11654\/revisions\/11672"}],"wp:attachment":[{"href":"https:\/\/markin.eu\/en\/wp-json\/wp\/v2\/media?parent=11654"}],"curies":[{"name":"wp","href":"https:\/\/api.w.org\/{rel}","templated":true}]}}